{"id":16,"date":"2015-05-18T16:51:26","date_gmt":"2015-05-18T14:51:26","guid":{"rendered":"http:\/\/mgv1858-bruckmur.at\/wordpress\/?page_id=16"},"modified":"2023-07-12T17:39:42","modified_gmt":"2023-07-12T15:39:42","slug":"chorproben","status":"publish","type":"page","link":"http:\/\/mgv1858-bruckmur.at\/wordpress\/chorproben\/","title":{"rendered":"Unsere Chorproben"},"content":{"rendered":"<h3 style=\"text-align: center;\"><span style=\"color: #a70000;\"><strong>Unsere \u00f6ffentlichen Proben finden jeden Dienstag ab 19.00 Uhr abwechselnd zweimal in Bruck an der Mur und zweimal in Pernegg statt.<\/strong><\/span><\/h3>\n<h2>&nbsp;<\/h2>\n<h2 style=\"text-align: center;\"><strong><span style=\"color: #a70000;\">UNSERE PROBENLOKALE<\/span><\/strong><\/h2>\n<div align=\"center\">\n<table style=\"border: solid 1px #7E1A1A;\" cellspacing=\"0\" cellpadding=\"0\">\n<tbody>\n<tr>\n<th style=\"background-color: #7e1a1a!important; color: #ffffff;\" colspan=\"2\">Restaurant Riegler<\/th>\n<\/tr>\n<tr>\n<td><a href=\"http:\/\/mgv1858-bruckmur.at\/wordpress\/wp-content\/uploads\/2015\/05\/Riegler.jpg\" rel=\"attachment wp-att-245\"><img loading=\"lazy\" decoding=\"async\" class=\"alignnone wp-image-245 size-full\" src=\"http:\/\/mgv1858-bruckmur.at\/wordpress\/wp-content\/uploads\/2015\/05\/Riegler.jpg\" alt=\"\" width=\"250\" height=\"175\"><\/a><\/td>\n<td align=\"left\" valign=\"top\">Restaurant Riegler<br \/>\nKoloman-Wallisch-Platz 11<br \/>\n8600 Bruck an der Mur&nbsp;<\/p>\n<p>Tel.: 03862\/54904<br \/>\n<a href=\"https:\/\/restaurant-riegler.at\/\">www.restaurant-riegler.at&nbsp;<\/a><\/td>\n<\/tr>\n<\/tbody>\n<\/table>\n<\/div>\n<p>&nbsp;<\/p>\n<div align=\"center\">\n<table cellspacing=\"0\" cellpadding=\"0\">\n<tbody>\n<tr>\n<th colspan=\"2\">Wirtshaus Ritschi<\/th>\n<\/tr>\n<tr>\n<td><a href=\"http:\/\/mgv1858-bruckmur.at\/wordpress\/wp-content\/uploads\/2015\/05\/ritschi.jpg\" rel=\"attachment wp-att-246\"><img loading=\"lazy\" decoding=\"async\" class=\"alignnone size-full wp-image-246\" src=\"http:\/\/mgv1858-bruckmur.at\/wordpress\/wp-content\/uploads\/2015\/05\/ritschi.jpg\" alt=\"ritschi\" width=\"221\" height=\"139\"><\/a><\/td>\n<td align=\"left\" valign=\"top\">Wirtshaus Ritschi<br \/>\nBahnstra\u00dfe 6a<br \/>\n8132 Pernegg&nbsp;<\/p>\n<p>Tel.: 03867\/8163<br \/>\n<a href=\"http:\/\/www.ritschi.at\/\" target=\"_blank\" rel=\"nofollow noopener\">www.ritschi.at<\/a><\/td>\n<\/tr>\n<\/tbody>\n<\/table>\n<\/div>\n<p>&nbsp;<\/p>\n<div><strong><br \/>\nPROBENABLAUF<\/strong><\/div>\n<div><strong>&nbsp;<\/strong><\/div>\n<div>\n<p>1. Gemeinsames Einsingen und Stimmbildung2. Ank\u00fcndigung des Chorleiters \u00fcber die Probeninhalte3. Einstudieren der Lieder inklusive Hintergrundinformationen zu diesen<\/p>\n<p>4. Kurze Pause nach rund einer Stunde<\/p>\n<p>5. Informationen seitens des Obmannes<\/p>\n<p>6. Fortsetzung der Probenarbeit<\/p>\n<p>7. Ende der Probe nach einer weiteren Stunde<\/p>\n<p>8. In der Regel freies Nachsingen und geselliges Beisammensein<\/p>\n<\/div>\n<div><strong><br \/>\nUNSER REPERTOIRE<\/strong><\/div>\n<div><strong>&nbsp;<\/strong><\/div>\n<div>Volkslieder<br \/>\nReligi\u00f6se Lieder<br \/>\nMessen<br \/>\nKunstlieder<br \/>\nWein-&nbsp; und Jagdlieder<br \/>\nSchlager<br \/>\nAdventlieder<br \/>\nGospels, Spirituals<br \/>\nOpern\u2013 und Operettench\u00f6re<\/div>\n<p>&nbsp;<\/p>\n<div><strong>Wie fast alle Vereine und im Besonderen Gesangsvereine so befindet sich auch unser Chor st\u00e4ndig auf der Suche nach neuen S\u00e4ngern, d. h. nach M\u00e4nnern, die Freude am Singen haben und der Meinung sind, \u00fcber die stimmlichen Voraussetzungen f\u00fcr ein Mitwirken in unserem Chor zu verf\u00fcgen.<br \/>\nWenn Sie sich ein Bild von unserer \u201eArbeit\u201c machen wollen, laden wir Sie gerne ein, der einen oder anderen unserer Proben beizuwohnen. Sollten Sie dabei Lust versp\u00fcren bei uns mitzusingen, w\u00fcrden wir uns dar\u00fcber ganz besonders freuen (M\u00e4nnerchor!)<\/strong>.<\/div>\n","protected":false},"excerpt":{"rendered":"<p>Unsere \u00f6ffentlichen Proben finden jeden Dienstag ab 19.00 Uhr abwechselnd zweimal in Bruck an der Mur und zweimal in Pernegg statt. &nbsp; UNSERE PROBENLOKALE Restaurant Riegler Restaurant Riegler Koloman-Wallisch-Platz 11 8600 Bruck an der Mur&nbsp; Tel.: 03862\/54904 www.restaurant-riegler.at&nbsp; &nbsp; Wirtshaus Ritschi Wirtshaus Ritschi Bahnstra\u00dfe 6a 8132 Pernegg&nbsp; Tel.: 03867\/8163 www.ritschi.at &nbsp; PROBENABLAUF &nbsp; 1. Gemeinsames &hellip; <\/p>\n<p><a class=\"more-link btn\" href=\"http:\/\/mgv1858-bruckmur.at\/wordpress\/chorproben\/\">Weiterlesen<\/a><\/p>\n","protected":false},"author":1,"featured_media":0,"parent":0,"menu_order":0,"comment_status":"open","ping_status":"open","template":"","meta":{"ngg_post_thumbnail":0,"footnotes":""},"class_list":["post-16","page","type-page","status-publish","hentry","nodate","item-wrap"],"_links":{"self":[{"href":"http:\/\/mgv1858-bruckmur.at\/wordpress\/wp-json\/wp\/v2\/pages\/16","targetHints":{"allow":["GET"]}}],"collection":[{"href":"http:\/\/mgv1858-bruckmur.at\/wordpress\/wp-json\/wp\/v2\/pages"}],"about":[{"href":"http:\/\/mgv1858-bruckmur.at\/wordpress\/wp-json\/wp\/v2\/types\/page"}],"author":[{"embeddable":true,"href":"http:\/\/mgv1858-bruckmur.at\/wordpress\/wp-json\/wp\/v2\/users\/1"}],"replies":[{"embeddable":true,"href":"http:\/\/mgv1858-bruckmur.at\/wordpress\/wp-json\/wp\/v2\/comments?post=16"}],"version-history":[{"count":11,"href":"http:\/\/mgv1858-bruckmur.at\/wordpress\/wp-json\/wp\/v2\/pages\/16\/revisions"}],"predecessor-version":[{"id":523,"href":"http:\/\/mgv1858-bruckmur.at\/wordpress\/wp-json\/wp\/v2\/pages\/16\/revisions\/523"}],"wp:attachment":[{"href":"http:\/\/mgv1858-bruckmur.at\/wordpress\/wp-json\/wp\/v2\/media?parent=16"}],"curies":[{"name":"wp","href":"https:\/\/api.w.org\/{rel}","templated":true}]}}