{"id":2,"date":"2015-05-18T16:08:36","date_gmt":"2015-05-18T16:08:36","guid":{"rendered":"http:\/\/mgv1858-bruckmur.at\/wordpress\/?page_id=2"},"modified":"2023-08-03T17:26:29","modified_gmt":"2023-08-03T15:26:29","slug":"wirueberuns","status":"publish","type":"page","link":"http:\/\/mgv1858-bruckmur.at\/wordpress\/wirueberuns\/","title":{"rendered":"Wir \u00fcber uns"},"content":{"rendered":"<ul>\n<li>Der als Brucker S\u00e4ngerverein im Jahre 1858 gegr\u00fcndete und 1888 in &#8222;M\u00e4nnergesangverein Bruck an der Mur 1858&#8220; umbenannte M\u00e4nnerchor ist der zweit\u00e4lteste Verein in unserer Stadt und einer der \u00e4ltesten Gesangsvereine der Steiermark. Viele der in der zweiten H\u00e4lfte des 19. Jahrhunderts gegr\u00fcndeten M\u00e4nnerch\u00f6re gibt es heute nicht mehr, unser Chor jedoch feierte im Jahre 2008 sein 150-j\u00e4hriges Bestandsjubil\u00e4um.<\/li>\n<li>Wurden in den Anf\u00e4ngen vor allem klassische Literatur und deutsches Liedgut gesungen, so \u00f6ffnete man sich allm\u00e4hlich und nahm auch Lieder aus der Welt des Schlagers, der Operette und auch des Films ins Repertoire auf.<\/li>\n<li>Ehrenchorleiter Friedrich KIRCHNER begann w\u00e4hrend seiner 24-j\u00e4hrigen Chorleitert\u00e4tigkeit zur Freude vieler S\u00e4nger auch Gospels, Spirituals und Lieder und Songs aus dem Bereich der Unterhaltungs- und Popmusik einzustudieren. Auch auf die Stimmbildung der S\u00e4nger durch professionelle Stimmbildner legte F. Kirchner gro\u00dfen Wert und fand im 18 Jahre als Obmann t\u00e4tigen Ing. Josef HAIDL einen starken Bef\u00fcrworter dieser seiner Idee.<\/li>\n<li>Vom Jahre 1999 an leitete Josef EISLER nahezu vier Jahre mit gro\u00dfem Engagement und Elan unseren Chor. W\u00e4hrend seines Dirigats wurden auch umfangreichere Werke einstudiert und in unseren Konzerten zur Auff\u00fchrung gebracht. Beruflich bedingt musste Josef Eisler im Jahre 2003 seine Chorleitert\u00e4tigkeit leider zur\u00fccklegen.<\/li>\n<li>Im J\u00e4nner 2004 \u00fcbernahm MMag. Bernhard BRANDL, Musikschullehrer und Chef der \u201eBrandl-Musi\u201c, die Leitung unseres Chores und war \u2013 wie seine Vorg\u00e4nger selbstverst\u00e4ndlich auch \u2013 \u00e4u\u00dferst konsequent bem\u00fcht, aus seinen M\u00e4nnern stimmlich das Optimum herauszuholen, um aus unserer S\u00e4ngerschar einen m\u00f6glichst homogenen Klangk\u00f6rper zu formen.<\/li>\n<li>Nachdem Bernhard Brandl im Herbst 2010 den Chor dahingehend informiert hat, die Chorleitung aus privaten Gr\u00fcnden zur\u00fccklegen zu wollen, waren wir gezwungen, uns um einen Ersatz zu k\u00fcmmern.<\/li>\n<li>Im April 2011 ist es schlie\u00dflich gelungen, mit Herrn Marko Skorin einen Nachfolger f\u00fcr Herrn Brandl zu finden, wobei Marko Skorin beim Herbstkonzert 2011 offiziell die alleinige Chorleitung \u00fcbernommen hat.<\/li>\n<li>Ende Juni 2015 informierte uns Marko Skorin, dass er ab September 2015 eine Stelle an der Musikhochschule in Kairo annehmen wird und wir uns um einen Ersatz umsehen mussten.<\/li>\n<li>Mit September 2015 konnten wir mit Herrn Algirdas Biveinis einen Nachfolger finden, der bereits beim traditionellen Herbstkonzert am 25. Oktober als Chorleiter fungierte.<\/li>\n<li>Ab J\u00e4nner 2019 \u00fcbernahm Mantas Jara\u0161\u016bnas aus Litauen unseren Chor.<\/li>\n<li>Im September 2019 \u00fcbernahm Bernhard Brandl wieder den Chor.&nbsp;<\/li>\n<li>Chorleiter und S\u00e4nger sind stets bem\u00fcht \u201eNeues\u201c einzustudieren, aber auch \u00e4ltere Lieder aus dem Repertoire nicht in Vergessenheit geraten zu lassen, um unseren Freunden bei unseren Konzerten und anderen Veranstaltungen ein buntes Programm bieten zu k\u00f6nnen und uns als Kulturtr\u00e4ger unserer Stadt bestens zu pr\u00e4sentieren.<\/li>\n<\/ul>\n<p style=\"text-align: center;\">So erreichen Sie uns:<br \/>\nGerhard Dietmaier, Pichl-Gro\u00dfdorf 107, 8612 Trag\u00f6\u00df, 0650\/2625101, <a href=\"_wp_link_placeholder\" data-wplink-edit=\"true\">dietmaiergerhard58@gmail.com<\/a>&nbsp;<span id=\"cloak2999\"><\/span><\/p>\n","protected":false},"excerpt":{"rendered":"<p>Der als Brucker S\u00e4ngerverein im Jahre 1858 gegr\u00fcndete und 1888 in &#8222;M\u00e4nnergesangverein Bruck an der Mur 1858&#8220; umbenannte M\u00e4nnerchor ist der zweit\u00e4lteste Verein in unserer Stadt und einer der \u00e4ltesten Gesangsvereine der Steiermark. Viele der in der zweiten H\u00e4lfte des 19. Jahrhunderts gegr\u00fcndeten M\u00e4nnerch\u00f6re gibt es heute nicht mehr, unser Chor jedoch feierte im Jahre &hellip; <\/p>\n<p><a class=\"more-link btn\" href=\"http:\/\/mgv1858-bruckmur.at\/wordpress\/wirueberuns\/\">Weiterlesen<\/a><\/p>\n","protected":false},"author":1,"featured_media":0,"parent":0,"menu_order":0,"comment_status":"open","ping_status":"open","template":"","meta":{"ngg_post_thumbnail":0,"footnotes":""},"class_list":["post-2","page","type-page","status-publish","hentry","nodate","item-wrap"],"_links":{"self":[{"href":"http:\/\/mgv1858-bruckmur.at\/wordpress\/wp-json\/wp\/v2\/pages\/2","targetHints":{"allow":["GET"]}}],"collection":[{"href":"http:\/\/mgv1858-bruckmur.at\/wordpress\/wp-json\/wp\/v2\/pages"}],"about":[{"href":"http:\/\/mgv1858-bruckmur.at\/wordpress\/wp-json\/wp\/v2\/types\/page"}],"author":[{"embeddable":true,"href":"http:\/\/mgv1858-bruckmur.at\/wordpress\/wp-json\/wp\/v2\/users\/1"}],"replies":[{"embeddable":true,"href":"http:\/\/mgv1858-bruckmur.at\/wordpress\/wp-json\/wp\/v2\/comments?post=2"}],"version-history":[{"count":12,"href":"http:\/\/mgv1858-bruckmur.at\/wordpress\/wp-json\/wp\/v2\/pages\/2\/revisions"}],"predecessor-version":[{"id":572,"href":"http:\/\/mgv1858-bruckmur.at\/wordpress\/wp-json\/wp\/v2\/pages\/2\/revisions\/572"}],"wp:attachment":[{"href":"http:\/\/mgv1858-bruckmur.at\/wordpress\/wp-json\/wp\/v2\/media?parent=2"}],"curies":[{"name":"wp","href":"https:\/\/api.w.org\/{rel}","templated":true}]}}